{"id":1842,"date":"2016-11-08T14:11:05","date_gmt":"2016-11-08T14:11:05","guid":{"rendered":"http:\/\/murren.ru\/templates\/WP\/go-arch\/go-arch-dark\/?page_id=1842"},"modified":"2021-04-12T07:34:00","modified_gmt":"2021-04-12T07:34:00","slug":"empresa-curvados-quintin","status":"publish","type":"page","link":"https:\/\/www.cquintin.com\/fr\/empresa-curvados-quintin\/","title":{"rendered":"Empresa Curvados Quintin"},"content":{"rendered":"<div class=\"wpb-content-wrapper\"><p>[vc_row][vc_column][vc_column_text][\/vc_column_text][\/vc_column][\/vc_row][vc_row css=\u00a0\u00bb.vc_custom_1485704056558{margin-right: 50px !important;margin-left: 50px !important;}\u00a0\u00bb][vc_column]\n\n    <!-- Contacts -->\n\n\n    <main             class=\" vc_custom_1488752933911 main main-inner bg-about \"\n            data-stellar-background-ratio=\"0.6\">\n        <div class=\"container\">\n            <header class=\"main-header\">\n                <h1>Empresa Curvados Quintin<\/h1>\n\t\t\t\t                    <div class=\"project-title-info\">\n\t\t\t\t\t\t\n\n\t\t\t\t\t\t                    <\/div>\n\t\t\t\t            <\/header>\n        <\/div>\n\n        <!-- Lines -->\n\n        <div class=\"page-lines\">\n            <div class=\"container\">\n                <div class=\"col-line col-xs-4\">\n                    <div class=\"line\"><\/div>\n                <\/div>\n                <div class=\"col-line col-xs-4\">\n                    <div class=\"line\"><\/div>\n                <\/div>\n                <div class=\"col-line col-xs-4\">\n                    <div class=\"line\"><\/div>\n                    <div class=\"line\"><\/div>\n                <\/div>\n            <\/div>\n        <\/div>\n    <\/main>\n\t[vc_empty_space][vc_row_inner equal_height=\u00a0\u00bbyes\u00a0\u00bb][vc_column_inner width=\u00a0\u00bb1\/3&Prime;][vc_single_image image=\u00a0\u00bb2403&Prime; img_size=\u00a0\u00bbfull\u00a0\u00bb add_caption=\u00a0\u00bbyes\u00a0\u00bb alignment=\u00a0\u00bbcenter\u00a0\u00bb style=\u00a0\u00bbvc_box_outline\u00a0\u00bb border_color=\u00a0\u00bbwhite\u00a0\u00bb onclick=\u00a0\u00bblink_image\u00a0\u00bb][\/vc_column_inner][vc_column_inner width=\u00a0\u00bb2\/3&Prime;][vc_column_text]Pendant plus de 50 ans, nous avons accumul\u00e9 une grande exp\u00e9rience dans le secteur du cintrage m\u00e9tallique ; une exp\u00e9rience qui, unie \u00e0 une \u00e9quipe de professionnels longuement form\u00e9s et \u00e0 la constante mise en place d\u2019am\u00e9liorations techniques, nous a permis de devenir une entreprise leader et de r\u00e9f\u00e9rence dans le secteur du cintrage.<\/p>\n<p>Nous disposons, dans nos installations de plus de 20 000 m2, d\u2019une ample gamme de cintreuses de derni\u00e8re g\u00e9n\u00e9ration, gr\u00e2ce auxquelles nous sommes en mesure de satisfaire tous vos besoins en cintrage.<\/p>\n<p>Fourches pour faisceaux tubulaires, serpentins, viroles, c\u00f4nes, limons, mains courantes pour escaliers h\u00e9lico\u00efdaux, treillis d\u2019armature de tunnels, flasques et cadres pour le secteur \u00e9olien sont quelques-uns des principaux produits que nous fabriquons.[\/vc_column_text][vc_column_text]Et tout cela en tenant compte du fait que la Qualit\u00e9 constitue notre principal objectif. C\u2019est pour cette raison qu\u2019en 2006, notre syst\u00e8me de gestion de la qualit\u00e9 a \u00e9t\u00e9 certifi\u00e9 conforme \u00e0 la <a href=\"https:\/\/www.cquintin.com\/wp-content\/uploads\/2021\/04\/CertificadoER-0501-2006_ES_2021-03-23.pdf\" target=\"_blank\" rel=\"noopener\">norme ISO 9001<\/a>.[\/vc_column_text][\/vc_column_inner][vc_column_inner][vc_masonry_media_grid element_width=\u00a0\u00bb2&Prime; item=\u00a0\u00bbmediaGrid_Default\u00a0\u00bb grid_id=\u00a0\u00bbvc_gid:1618212875955-0aa55a08-1530-6&Prime; include=\u00a0\u00bb2398,2399,2401,2402,2400,2397&Prime;][\/vc_column_inner][\/vc_row_inner][\/vc_column][\/vc_row][vc_row][vc_column][vc_column_text][\/vc_column_text][\/vc_column][\/vc_row]<\/p>\n<\/div>","protected":false},"excerpt":{"rendered":"<p>[vc_column_inner width=\u00a0\u00bb2\/3&Prime;][vc_column_text]Pendant plus de 50 ans, nous avons accumul\u00e9 une grande exp\u00e9rience dans le secteur du cintrage m\u00e9tallique ; une exp\u00e9rience qui, unie \u00e0 une \u00e9quipe de professionnels longuement form\u00e9s et \u00e0 la constante mise en place d\u2019am\u00e9liorations techniques, nous a [&hellip;]<\/p>\n","protected":false},"author":100010013,"featured_media":2333,"parent":0,"menu_order":0,"comment_status":"closed","ping_status":"closed","template":"template-fullwidth.php","meta":{"footnotes":""},"class_list":["post-1842","page","type-page","status-publish","has-post-thumbnail","hentry"],"aioseo_notices":[],"_links":{"self":[{"href":"https:\/\/www.cquintin.com\/fr\/wp-json\/wp\/v2\/pages\/1842","targetHints":{"allow":["GET"]}}],"collection":[{"href":"https:\/\/www.cquintin.com\/fr\/wp-json\/wp\/v2\/pages"}],"about":[{"href":"https:\/\/www.cquintin.com\/fr\/wp-json\/wp\/v2\/types\/page"}],"author":[{"embeddable":true,"href":"https:\/\/www.cquintin.com\/fr\/wp-json\/wp\/v2\/users\/100010013"}],"replies":[{"embeddable":true,"href":"https:\/\/www.cquintin.com\/fr\/wp-json\/wp\/v2\/comments?post=1842"}],"version-history":[{"count":0,"href":"https:\/\/www.cquintin.com\/fr\/wp-json\/wp\/v2\/pages\/1842\/revisions"}],"wp:featuredmedia":[{"embeddable":true,"href":"https:\/\/www.cquintin.com\/fr\/wp-json\/wp\/v2\/media\/2333"}],"wp:attachment":[{"href":"https:\/\/www.cquintin.com\/fr\/wp-json\/wp\/v2\/media?parent=1842"}],"curies":[{"name":"wp","href":"https:\/\/api.w.org\/{rel}","templated":true}]}}