{"id":2102,"date":"2017-02-10T23:34:17","date_gmt":"2017-02-10T23:34:17","guid":{"rendered":"http:\/\/www.cquintin.com\/?page_id=2102"},"modified":"2017-05-08T09:46:20","modified_gmt":"2017-05-08T09:46:20","slug":"curvado-de-perfiles","status":"publish","type":"page","link":"https:\/\/www.cquintin.com\/fr\/curvado-de-perfiles\/","title":{"rendered":"Curvado de Perfiles"},"content":{"rendered":"<div class=\"wpb-content-wrapper\"><p>[vc_row css=\u00a0\u00bb.vc_custom_1487702561874{margin-bottom: 30px !important;}\u00a0\u00bb][vc_column]\n\n    <!-- Contacts -->\n\n\n    <main             class=\" main main-inner  main-contacts bg-contacts \"\n            data-stellar-background-ratio=\"0.6\">\n        <div class=\"container\">\n            <header class=\"main-header\">\n                <h1> Cintrage de profil\u00e9s<\/h1>\n\t\t\t\t                    <div class=\"project-title-info\">\n\t\t\t\t\t\t\n\n\t\t\t\t\t\t                    <\/div>\n\t\t\t\t            <\/header>\n        <\/div>\n\n        <!-- Lines -->\n\n        <div class=\"page-lines\">\n            <div class=\"container\">\n                <div class=\"col-line col-xs-4\">\n                    <div class=\"line\"><\/div>\n                <\/div>\n                <div class=\"col-line col-xs-4\">\n                    <div class=\"line\"><\/div>\n                <\/div>\n                <div class=\"col-line col-xs-4\">\n                    <div class=\"line\"><\/div>\n                    <div class=\"line\"><\/div>\n                <\/div>\n            <\/div>\n        <\/div>\n    <\/main>\n\t[\/vc_column][\/vc_row][vc_row css=\u00a0\u00bb.vc_custom_1486768874471{margin-right: 20px !important;margin-left: 20px !important;}\u00a0\u00bb][vc_column][vc_row_inner][vc_column_inner width=\u00a0\u00bb2\/3&Prime;][vc_single_image image=\u00a0\u00bb2483&Prime; img_size=\u00a0\u00bb638&#215;238&Prime; alignment=\u00a0\u00bbcenter\u00a0\u00bb onclick=\u00a0\u00bblink_image\u00a0\u00bb][\/vc_column_inner][vc_column_inner width=\u00a0\u00bb1\/3&Prime;][vc_column_text]Cintrage des diff\u00e9rents types de profil\u00e9s m\u00e9talliques existant sur le march\u00e9 (HEB, IPN, UPN, LPN, simple T, etc.) pour diverses applications : \u00bbestructura, cerchas de t\u00faneles, refuerzoS de dep\u00f3sitos, vigas carril, plataformas, pantallas ac\u00fasticas&#8230;\u00abstructure, treillis de tunnels, renforts de r\u00e9servoirs, poutres de roulement, plate-formes, \u00e9crans acoustiques, etc.[\/vc_column_text][\/vc_column_inner][\/vc_row_inner][\/vc_column][\/vc_row][vc_row][vc_column][vc_masonry_media_grid element_width=\u00a0\u00bb2&Prime; item=\u00a0\u00bbmediaGrid_Default\u00a0\u00bb grid_id=\u00a0\u00bbvc_gid:1494236319316-e67e3398-de44-6&Prime; include=\u00a0\u00bb2414,2415,2484,2417,2418,2482&Prime;][\/vc_column][\/vc_row]<\/p>\n<\/div>","protected":false},"excerpt":{"rendered":"<p>[vc_column_inner width=\u00a0\u00bb1\/3&Prime;][vc_column_text]Cintrage des diff\u00e9rents types de profil\u00e9s m\u00e9talliques existant sur le march\u00e9 (HEB, IPN, UPN, LPN, simple T, etc.) pour diverses applications : \u00bbestructura, cerchas de t\u00faneles, refuerzoS de dep\u00f3sitos, vigas carril, plataformas, pantallas ac\u00fasticas&#8230;\u00abstructure, treillis de tunnels, renforts de r\u00e9servoirs, poutres [&hellip;]<\/p>\n","protected":false},"author":100010013,"featured_media":2103,"parent":0,"menu_order":0,"comment_status":"closed","ping_status":"closed","template":"template-fullwidth.php","meta":{"footnotes":""},"class_list":["post-2102","page","type-page","status-publish","has-post-thumbnail","hentry"],"aioseo_notices":[],"_links":{"self":[{"href":"https:\/\/www.cquintin.com\/fr\/wp-json\/wp\/v2\/pages\/2102","targetHints":{"allow":["GET"]}}],"collection":[{"href":"https:\/\/www.cquintin.com\/fr\/wp-json\/wp\/v2\/pages"}],"about":[{"href":"https:\/\/www.cquintin.com\/fr\/wp-json\/wp\/v2\/types\/page"}],"author":[{"embeddable":true,"href":"https:\/\/www.cquintin.com\/fr\/wp-json\/wp\/v2\/users\/100010013"}],"replies":[{"embeddable":true,"href":"https:\/\/www.cquintin.com\/fr\/wp-json\/wp\/v2\/comments?post=2102"}],"version-history":[{"count":0,"href":"https:\/\/www.cquintin.com\/fr\/wp-json\/wp\/v2\/pages\/2102\/revisions"}],"wp:featuredmedia":[{"embeddable":true,"href":"https:\/\/www.cquintin.com\/fr\/wp-json\/wp\/v2\/media\/2103"}],"wp:attachment":[{"href":"https:\/\/www.cquintin.com\/fr\/wp-json\/wp\/v2\/media?parent=2102"}],"curies":[{"name":"wp","href":"https:\/\/api.w.org\/{rel}","templated":true}]}}