{"id":2128,"date":"2017-02-10T23:45:00","date_gmt":"2017-02-10T23:45:00","guid":{"rendered":"http:\/\/www.cquintin.com\/?page_id=2128"},"modified":"2017-05-08T09:36:47","modified_gmt":"2017-05-08T09:36:47","slug":"curvado-de-tubos","status":"publish","type":"page","link":"https:\/\/www.cquintin.com\/fr\/curvado-de-tubos\/","title":{"rendered":"Curvado de Tubos"},"content":{"rendered":"<div class=\"wpb-content-wrapper\"><p>[vc_row css=\u00a0\u00bb.vc_custom_1487702678433{margin-bottom: 30px !important;}\u00a0\u00bb][vc_column]\n\n    <!-- Contacts -->\n\n\n    <main             class=\" main main-inner  main-contacts bg-contacts \"\n            data-stellar-background-ratio=\"0.6\">\n        <div class=\"container\">\n            <header class=\"main-header\">\n                <h1>Cintrage de Tubes Ronds<\/h1>\n\t\t\t\t                    <div class=\"project-title-info\">\n\t\t\t\t\t\t\n\n\t\t\t\t\t\t                    <\/div>\n\t\t\t\t            <\/header>\n        <\/div>\n\n        <!-- Lines -->\n\n        <div class=\"page-lines\">\n            <div class=\"container\">\n                <div class=\"col-line col-xs-4\">\n                    <div class=\"line\"><\/div>\n                <\/div>\n                <div class=\"col-line col-xs-4\">\n                    <div class=\"line\"><\/div>\n                <\/div>\n                <div class=\"col-line col-xs-4\">\n                    <div class=\"line\"><\/div>\n                    <div class=\"line\"><\/div>\n                <\/div>\n            <\/div>\n        <\/div>\n    <\/main>\n\t[\/vc_column][\/vc_row][vc_row css=\u00a0\u00bb.vc_custom_1486768874471{margin-right: 20px !important;margin-left: 20px !important;}\u00a0\u00bb][vc_column][vc_row_inner][vc_column_inner width=\u00a0\u00bb2\/3&Prime;][vc_single_image image=\u00a0\u00bb2402&Prime; img_size=\u00a0\u00bb638&#215;238&Prime; alignment=\u00a0\u00bbcenter\u00a0\u00bb onclick=\u00a0\u00bblink_image\u00a0\u00bb][\/vc_column_inner][vc_column_inner width=\u00a0\u00bb1\/3&Prime;][vc_column_text]Cintrage de tubes ronds, carr\u00e9s et rectangulaires, de rayons larges, \u00e9troits ou en spiral, principalement pour applications dans l\u2019automobilisme, la construction, le secteur naval, collecteurs, conductions, tuyauterie, escaliers h\u00e9lico\u00efdaux, sculptures et projets sp\u00e9cifiques.[\/vc_column_text][\/vc_column_inner][\/vc_row_inner][\/vc_column][\/vc_row][vc_row][vc_column][vc_masonry_media_grid element_width=\u00a0\u00bb2&Prime; item=\u00a0\u00bbmediaGrid_Default\u00a0\u00bb grid_id=\u00a0\u00bbvc_gid:1494236154014-3ca8f7db-19e4-10&Prime; include=\u00a0\u00bb2488,2425,2426,2486,2487,2423&Prime;][\/vc_column][\/vc_row]<\/p>\n<\/div>","protected":false},"excerpt":{"rendered":"<p>[\/vc_row]<\/p>\n","protected":false},"author":100010013,"featured_media":2366,"parent":0,"menu_order":0,"comment_status":"closed","ping_status":"closed","template":"template-fullwidth.php","meta":{"footnotes":""},"class_list":["post-2128","page","type-page","status-publish","has-post-thumbnail","hentry"],"aioseo_notices":[],"_links":{"self":[{"href":"https:\/\/www.cquintin.com\/fr\/wp-json\/wp\/v2\/pages\/2128","targetHints":{"allow":["GET"]}}],"collection":[{"href":"https:\/\/www.cquintin.com\/fr\/wp-json\/wp\/v2\/pages"}],"about":[{"href":"https:\/\/www.cquintin.com\/fr\/wp-json\/wp\/v2\/types\/page"}],"author":[{"embeddable":true,"href":"https:\/\/www.cquintin.com\/fr\/wp-json\/wp\/v2\/users\/100010013"}],"replies":[{"embeddable":true,"href":"https:\/\/www.cquintin.com\/fr\/wp-json\/wp\/v2\/comments?post=2128"}],"version-history":[{"count":0,"href":"https:\/\/www.cquintin.com\/fr\/wp-json\/wp\/v2\/pages\/2128\/revisions"}],"wp:featuredmedia":[{"embeddable":true,"href":"https:\/\/www.cquintin.com\/fr\/wp-json\/wp\/v2\/media\/2366"}],"wp:attachment":[{"href":"https:\/\/www.cquintin.com\/fr\/wp-json\/wp\/v2\/media?parent=2128"}],"curies":[{"name":"wp","href":"https:\/\/api.w.org\/{rel}","templated":true}]}}