{"id":2159,"date":"2017-02-10T23:57:21","date_gmt":"2017-02-10T23:57:21","guid":{"rendered":"http:\/\/www.cquintin.com\/?page_id=2159"},"modified":"2018-01-29T11:32:54","modified_gmt":"2018-01-29T11:32:54","slug":"horquillas","status":"publish","type":"page","link":"https:\/\/www.cquintin.com\/fr\/horquillas\/","title":{"rendered":"Horquillas"},"content":{"rendered":"<div class=\"wpb-content-wrapper\"><p>[vc_row css=\u00a0\u00bb.vc_custom_1487703045270{margin-bottom: 30px !important;}\u00a0\u00bb][vc_column]\n\n    <!-- Contacts -->\n\n\n    <main             class=\" main main-inner  main-contacts bg-contacts \"\n            data-stellar-background-ratio=\"0.6\">\n        <div class=\"container\">\n            <header class=\"main-header\">\n                <h1>Fourches<\/h1>\n\t\t\t\t                    <div class=\"project-title-info\">\n\t\t\t\t\t\t\n\n\t\t\t\t\t\t                    <\/div>\n\t\t\t\t            <\/header>\n        <\/div>\n\n        <!-- Lines -->\n\n        <div class=\"page-lines\">\n            <div class=\"container\">\n                <div class=\"col-line col-xs-4\">\n                    <div class=\"line\"><\/div>\n                <\/div>\n                <div class=\"col-line col-xs-4\">\n                    <div class=\"line\"><\/div>\n                <\/div>\n                <div class=\"col-line col-xs-4\">\n                    <div class=\"line\"><\/div>\n                    <div class=\"line\"><\/div>\n                <\/div>\n            <\/div>\n        <\/div>\n    <\/main>\n\t[\/vc_column][\/vc_row][vc_row css=\u00a0\u00bb.vc_custom_1486768874471{margin-right: 20px !important;margin-left: 20px !important;}\u00a0\u00bb][vc_column][vc_empty_space height=\u00a0\u00bb30px\u00a0\u00bb][vc_row_inner][vc_column_inner width=\u00a0\u00bb2\/3&Prime;][vc_single_image image=\u00a0\u00bb2294&Prime; img_size=\u00a0\u00bb638&#215;238&Prime; alignment=\u00a0\u00bbcenter\u00a0\u00bb onclick=\u00a0\u00bblink_image\u00a0\u00bb][\/vc_column_inner][vc_column_inner width=\u00a0\u00bb1\/3&Prime;][vc_column_text]R\u00e9cente mise en fonctionnement d\u2019une ligne de fabrication de fourches pour faisceaux tubulaires dans nos installations de Lantar\u00f3n, usine exclusivement d\u00e9di\u00e9e au cintrage, coupe, traitement thermique et test hydraulique, qui nous permet de cintrer des tubes de jusqu\u2019\u00e0 30 m de long.[\/vc_column_text][vc_btn title=\u00a0\u00bbNuestros Proyectos\u00a0\u00bb link=\u00a0\u00bburl:http%3A%2F%2Fwww.cquintin.com%2Fproyectos%2F|||\u00a0\u00bb][\/vc_column_inner][\/vc_row_inner][\/vc_column][\/vc_row][vc_row][vc_column][vc_empty_space height=\u00a0\u00bb50px\u00a0\u00bb][vc_masonry_media_grid element_width=\u00a0\u00bb2&Prime; item=\u00a0\u00bbmediaGrid_Default\u00a0\u00bb grid_id=\u00a0\u00bbvc_gid:1494238097866-89fe1134-082f-7&Prime; include=\u00a0\u00bb2293,2292,2298,2297,2296,2295&Prime;][\/vc_column][\/vc_row]<\/p>\n<\/div>","protected":false},"excerpt":{"rendered":"<p>[vc_column_inner width=\u00a0\u00bb1\/3&Prime;][vc_column_text]R\u00e9cente mise en fonctionnement d\u2019une ligne de fabrication de fourches pour faisceaux tubulaires dans nos installations de Lantar\u00f3n, usine exclusivement d\u00e9di\u00e9e au cintrage, coupe, traitement thermique et test hydraulique, qui nous permet de cintrer des tubes de jusqu\u2019\u00e0 30 m [&hellip;]<\/p>\n","protected":false},"author":100010013,"featured_media":2295,"parent":0,"menu_order":0,"comment_status":"closed","ping_status":"closed","template":"template-fullwidth.php","meta":{"footnotes":""},"class_list":["post-2159","page","type-page","status-publish","has-post-thumbnail","hentry"],"aioseo_notices":[],"_links":{"self":[{"href":"https:\/\/www.cquintin.com\/fr\/wp-json\/wp\/v2\/pages\/2159","targetHints":{"allow":["GET"]}}],"collection":[{"href":"https:\/\/www.cquintin.com\/fr\/wp-json\/wp\/v2\/pages"}],"about":[{"href":"https:\/\/www.cquintin.com\/fr\/wp-json\/wp\/v2\/types\/page"}],"author":[{"embeddable":true,"href":"https:\/\/www.cquintin.com\/fr\/wp-json\/wp\/v2\/users\/100010013"}],"replies":[{"embeddable":true,"href":"https:\/\/www.cquintin.com\/fr\/wp-json\/wp\/v2\/comments?post=2159"}],"version-history":[{"count":0,"href":"https:\/\/www.cquintin.com\/fr\/wp-json\/wp\/v2\/pages\/2159\/revisions"}],"wp:featuredmedia":[{"embeddable":true,"href":"https:\/\/www.cquintin.com\/fr\/wp-json\/wp\/v2\/media\/2295"}],"wp:attachment":[{"href":"https:\/\/www.cquintin.com\/fr\/wp-json\/wp\/v2\/media?parent=2159"}],"curies":[{"name":"wp","href":"https:\/\/api.w.org\/{rel}","templated":true}]}}