{"id":2240,"date":"2017-02-14T11:06:22","date_gmt":"2017-02-14T11:06:22","guid":{"rendered":"http:\/\/www.cquintin.com\/?page_id=2240"},"modified":"2021-04-20T07:53:52","modified_gmt":"2021-04-20T07:53:52","slug":"aviso-legal","status":"publish","type":"page","link":"https:\/\/www.cquintin.com\/fr\/aviso-legal\/","title":{"rendered":"Aviso Legal"},"content":{"rendered":"<div class=\"wpb-content-wrapper\"><p>[vc_row][vc_column][vc_column_text][\/vc_column_text][\/vc_column][\/vc_row][vc_row css=\u00a0\u00bb.vc_custom_1487070409634{margin-right: 20px !important;margin-left: 20px !important;}\u00a0\u00bb][vc_column]\n\n    <!-- Contacts -->\n\n\n    <main             class=\" main main-inner main-project \"\n            data-stellar-background-ratio=\"0.6\">\n        <div class=\"container\">\n            <header class=\"main-header\">\n                <h1>Aviso Legal<\/h1>\n\t\t\t\t                    <div class=\"project-title-info\">\n\t\t\t\t\t\t\n\n\t\t\t\t\t\t                    <\/div>\n\t\t\t\t            <\/header>\n        <\/div>\n\n        <!-- Lines -->\n\n        <div class=\"page-lines\">\n            <div class=\"container\">\n                <div class=\"col-line col-xs-4\">\n                    <div class=\"line\"><\/div>\n                <\/div>\n                <div class=\"col-line col-xs-4\">\n                    <div class=\"line\"><\/div>\n                <\/div>\n                <div class=\"col-line col-xs-4\">\n                    <div class=\"line\"><\/div>\n                    <div class=\"line\"><\/div>\n                <\/div>\n            <\/div>\n        <\/div>\n    <\/main>\n\t[\/vc_column][\/vc_row][vc_row][vc_column][vc_column_text]LLes droits portant sur la propri\u00e9t\u00e9 intellectuelle du site <a href=\"http:\/\/www.cquintin.com\/\">www.cquintin.com<\/a> et des diff\u00e9rents \u00e9l\u00e9ments qu\u2019il comporte appartiennent \u00e0 Curvados Quintin, S.L., (CIF : B95376240, inscrite au Registro Mercantil de Bizkaia, tomo 458, folio 14, hoja BI 43298, inscripci\u00f3n 1.). Les textes, la r\u00e9glementation et, en g\u00e9n\u00e9ral, toute autre information contenue sur les pages de ce site ont un caract\u00e8re purement informatif, en consid\u00e9ration de quoi nous vous recommandons de v\u00e9rifier la validit\u00e9 et l\u2019exactitude des donn\u00e9es en consultant les sources officielles correspondantes.<\/p>\n<p>Curvados Quintin, S.L. se r\u00e9serve le droit de proc\u00e9der, sans avertissement pr\u00e9alable, \u00e0 des modifications sur ce site, visant \u00e0 la mise \u00e0 jour, correction, modification, ajout ou \u00e9limination du contenu du site ou de son design. Curvados Quintin, S.L. ne garantit pas l\u2019absence d\u2019erreurs relatives \u00e0 l\u2019acc\u00e8s au site, \u00e0 son contenu, ni que celui-ci soit d\u00fbment mis \u00e0 jour.<\/p>\n<p>L\u2019entreprise s\u2019efforcera n\u00e9anmoins d\u2019adopter les mesures appropri\u00e9es afin de les \u00e9viter et, le cas \u00e9ch\u00e9ant, de les corriger et de les mettre \u00e0 jour d\u00e8s le constat de celles-ci. L\u2019acc\u00e8s au site et l\u2019utilisation des informations qu&rsquo;il contient rel\u00e8vent exclusivement de la responsabilit\u00e9 de l\u2019utilisateur.<\/p>\n<p>L\u2019entreprise Curvados Quintin, S.L. ne pourra \u00eatre tenu responsable d\u2019aucune cons\u00e9quence, dommage ou int\u00e9r\u00eat pouvant d\u00e9couler dudit acc\u00e8s ou de ladite utilisation des informations, \u00e0 l\u2019exception de toutes les actions r\u00e9sultantes de l\u2019application des dispositions l\u00e9gales auxquelles elle devra se soumettre, dans le cadre exclusif de l\u2019exercice de ses comp\u00e9tences.[\/vc_column_text][\/vc_column][\/vc_row][vc_row][vc_column][vc_column_text][\/vc_column_text][\/vc_column][\/vc_row]<\/p>\n<\/div>","protected":false},"excerpt":{"rendered":"<p>[\/vc_row][vc_row][vc_column][vc_column_text]LLes droits portant sur la propri\u00e9t\u00e9 intellectuelle du site www.cquintin.com et des diff\u00e9rents \u00e9l\u00e9ments qu\u2019il comporte appartiennent \u00e0 Curvados Quintin, S.L., (CIF : B95376240, inscrite au Registro Mercantil de Bizkaia, tomo 458, folio 14, hoja BI 43298, inscripci\u00f3n 1.). Les textes, la r\u00e9glementation et, en g\u00e9n\u00e9ral, toute autre information contenue [&hellip;]<\/p>\n","protected":false},"author":100010013,"featured_media":0,"parent":0,"menu_order":0,"comment_status":"closed","ping_status":"closed","template":"template-fullwidth.php","meta":{"footnotes":""},"class_list":["post-2240","page","type-page","status-publish","hentry"],"aioseo_notices":[],"_links":{"self":[{"href":"https:\/\/www.cquintin.com\/fr\/wp-json\/wp\/v2\/pages\/2240","targetHints":{"allow":["GET"]}}],"collection":[{"href":"https:\/\/www.cquintin.com\/fr\/wp-json\/wp\/v2\/pages"}],"about":[{"href":"https:\/\/www.cquintin.com\/fr\/wp-json\/wp\/v2\/types\/page"}],"author":[{"embeddable":true,"href":"https:\/\/www.cquintin.com\/fr\/wp-json\/wp\/v2\/users\/100010013"}],"replies":[{"embeddable":true,"href":"https:\/\/www.cquintin.com\/fr\/wp-json\/wp\/v2\/comments?post=2240"}],"version-history":[{"count":0,"href":"https:\/\/www.cquintin.com\/fr\/wp-json\/wp\/v2\/pages\/2240\/revisions"}],"wp:attachment":[{"href":"https:\/\/www.cquintin.com\/fr\/wp-json\/wp\/v2\/media?parent=2240"}],"curies":[{"name":"wp","href":"https:\/\/api.w.org\/{rel}","templated":true}]}}