{"id":1842,"date":"2016-11-08T14:11:05","date_gmt":"2016-11-08T14:11:05","guid":{"rendered":"http:\/\/murren.ru\/templates\/WP\/go-arch\/go-arch-dark\/?page_id=1842"},"modified":"2021-04-12T07:34:00","modified_gmt":"2021-04-12T07:34:00","slug":"empresa-curvados-quintin","status":"publish","type":"page","link":"https:\/\/www.cquintin.com\/pt\/empresa-curvados-quintin\/","title":{"rendered":"Empresa Curvados Quintin"},"content":{"rendered":"<div class=\"wpb-content-wrapper\"><p>[vc_row][vc_column][vc_column_text][\/vc_column_text][\/vc_column][\/vc_row][vc_row css=&#8221;.vc_custom_1485704056558{margin-right: 50px !important;margin-left: 50px !important;}&#8221;][vc_column]\n\n    <!-- Contacts -->\n\n\n    <main             class=\" vc_custom_1488752933911 main main-inner bg-about \"\n            data-stellar-background-ratio=\"0.6\">\n        <div class=\"container\">\n            <header class=\"main-header\">\n                <h1>Empresa Curvados Quintin<\/h1>\n\t\t\t\t                    <div class=\"project-title-info\">\n\t\t\t\t\t\t\n\n\t\t\t\t\t\t                    <\/div>\n\t\t\t\t            <\/header>\n        <\/div>\n\n        <!-- Lines -->\n\n        <div class=\"page-lines\">\n            <div class=\"container\">\n                <div class=\"col-line col-xs-4\">\n                    <div class=\"line\"><\/div>\n                <\/div>\n                <div class=\"col-line col-xs-4\">\n                    <div class=\"line\"><\/div>\n                <\/div>\n                <div class=\"col-line col-xs-4\">\n                    <div class=\"line\"><\/div>\n                    <div class=\"line\"><\/div>\n                <\/div>\n            <\/div>\n        <\/div>\n    <\/main>\n\t[vc_empty_space][vc_row_inner equal_height=&#8221;yes&#8221;][vc_column_inner width=&#8221;1\/3&#8243;][vc_single_image image=&#8221;2403&#8243; img_size=&#8221;full&#8221; add_caption=&#8221;yes&#8221; alignment=&#8221;center&#8221; style=&#8221;vc_box_outline&#8221; border_color=&#8221;white&#8221; onclick=&#8221;link_image&#8221;][\/vc_column_inner][vc_column_inner width=&#8221;2\/3&#8243;][vc_column_text]Durante mais de 50 anos acumul\u00e1mos uma grande experi\u00eancia no sector da curvatura met\u00e1lica, que unida a uma equipa humana altamente qualificada e \u00e0 implementa\u00e7\u00e3o de constantes melhoras t\u00e9cnicas nos converte numa empresa l\u00edder e de refer\u00eancia no sector da curvatura.<\/p>\n<p>Nas nossas instala\u00e7\u00f5es, de mais de 20.000 m2, dispomos de uma ampla gama de curvadoras de \u00faltima gera\u00e7\u00e3o, para satisfazer todas as suas necessidades de curvatura.<\/p>\n<p>Forquilhas para feixes tubulares, serpentinas, virolas, cones, vigas, corrim\u00f5es para escadas helicoidais, cimbres para a entiva\u00e7\u00e3o de t\u00faneis, bra\u00e7adeiras e marcos para o sector e\u00f3lico s\u00e3o alguns dos nossos principais produtos.[\/vc_column_text][vc_column_text]Sempre com a qualidade como a nossa principal meta. Por este motivo, no ano 2006 certificamos o nosso sistema de gest\u00e3o de qualidade segundo a <a href=\"https:\/\/www.cquintin.com\/wp-content\/uploads\/2021\/04\/CertificadoER-0501-2006_ES_2021-03-23.pdf\" target=\"_blank\" rel=\"noopener\">norma ISO 9001<\/a>.[\/vc_column_text][\/vc_column_inner][vc_column_inner][vc_masonry_media_grid element_width=&#8221;2&#8243; item=&#8221;mediaGrid_Default&#8221; grid_id=&#8221;vc_gid:1618212875954-48adb076-8294-7&#8243; include=&#8221;2398,2399,2401,2402,2400,2397&#8243;][\/vc_column_inner][\/vc_row_inner][\/vc_column][\/vc_row][vc_row][vc_column][vc_column_text][\/vc_column_text][\/vc_column][\/vc_row]<\/p>\n<\/div>","protected":false},"excerpt":{"rendered":"<p>[vc_column_inner width=&#8221;2\/3&#8243;][vc_column_text]Durante mais de 50 anos acumul\u00e1mos uma grande experi\u00eancia no sector da curvatura met\u00e1lica, que unida a uma equipa humana altamente qualificada e \u00e0 implementa\u00e7\u00e3o de constantes melhoras t\u00e9cnicas nos converte numa empresa l\u00edder e de refer\u00eancia no sector da [&hellip;]<\/p>\n","protected":false},"author":100010013,"featured_media":2333,"parent":0,"menu_order":0,"comment_status":"closed","ping_status":"closed","template":"template-fullwidth.php","meta":{"footnotes":""},"class_list":["post-1842","page","type-page","status-publish","has-post-thumbnail","hentry"],"aioseo_notices":[],"_links":{"self":[{"href":"https:\/\/www.cquintin.com\/pt\/wp-json\/wp\/v2\/pages\/1842","targetHints":{"allow":["GET"]}}],"collection":[{"href":"https:\/\/www.cquintin.com\/pt\/wp-json\/wp\/v2\/pages"}],"about":[{"href":"https:\/\/www.cquintin.com\/pt\/wp-json\/wp\/v2\/types\/page"}],"author":[{"embeddable":true,"href":"https:\/\/www.cquintin.com\/pt\/wp-json\/wp\/v2\/users\/100010013"}],"replies":[{"embeddable":true,"href":"https:\/\/www.cquintin.com\/pt\/wp-json\/wp\/v2\/comments?post=1842"}],"version-history":[{"count":0,"href":"https:\/\/www.cquintin.com\/pt\/wp-json\/wp\/v2\/pages\/1842\/revisions"}],"wp:featuredmedia":[{"embeddable":true,"href":"https:\/\/www.cquintin.com\/pt\/wp-json\/wp\/v2\/media\/2333"}],"wp:attachment":[{"href":"https:\/\/www.cquintin.com\/pt\/wp-json\/wp\/v2\/media?parent=1842"}],"curies":[{"name":"wp","href":"https:\/\/api.w.org\/{rel}","templated":true}]}}