{"id":2128,"date":"2017-02-10T23:45:00","date_gmt":"2017-02-10T23:45:00","guid":{"rendered":"http:\/\/www.cquintin.com\/?page_id=2128"},"modified":"2017-05-08T09:36:47","modified_gmt":"2017-05-08T09:36:47","slug":"curvado-de-tubos","status":"publish","type":"page","link":"https:\/\/www.cquintin.com\/pt\/curvado-de-tubos\/","title":{"rendered":"Curvado de Tubos"},"content":{"rendered":"<div class=\"wpb-content-wrapper\"><p>[vc_row css=&#8221;.vc_custom_1487702678433{margin-bottom: 30px !important;}&#8221;][vc_column]\n\n    <!-- Contacts -->\n\n\n    <main             class=\" main main-inner  main-contacts bg-contacts \"\n            data-stellar-background-ratio=\"0.6\">\n        <div class=\"container\">\n            <header class=\"main-header\">\n                <h1>Curvatura de Tubagem redonda<\/h1>\n\t\t\t\t                    <div class=\"project-title-info\">\n\t\t\t\t\t\t\n\n\t\t\t\t\t\t                    <\/div>\n\t\t\t\t            <\/header>\n        <\/div>\n\n        <!-- Lines -->\n\n        <div class=\"page-lines\">\n            <div class=\"container\">\n                <div class=\"col-line col-xs-4\">\n                    <div class=\"line\"><\/div>\n                <\/div>\n                <div class=\"col-line col-xs-4\">\n                    <div class=\"line\"><\/div>\n                <\/div>\n                <div class=\"col-line col-xs-4\">\n                    <div class=\"line\"><\/div>\n                    <div class=\"line\"><\/div>\n                <\/div>\n            <\/div>\n        <\/div>\n    <\/main>\n\t[\/vc_column][\/vc_row][vc_row css=&#8221;.vc_custom_1486768874471{margin-right: 20px !important;margin-left: 20px !important;}&#8221;][vc_column][vc_row_inner][vc_column_inner width=&#8221;2\/3&#8243;][vc_single_image image=&#8221;2402&#8243; img_size=&#8221;638&#215;238&#8243; alignment=&#8221;center&#8221; onclick=&#8221;link_image&#8221;][\/vc_column_inner][vc_column_inner width=&#8221;1\/3&#8243;][vc_column_text]Curvatura de tubagem redonda, quadrada e retangular, tanto de raios amplos como curtos ou em espiral, com aplica\u00e7\u00f5es principais na ind\u00fastria autom\u00f3vel, constru\u00e7\u00e3o, sector naval, coletores, condutas, piping, escadas helicoidais, esculturas e obras singulares.[\/vc_column_text][\/vc_column_inner][\/vc_row_inner][\/vc_column][\/vc_row][vc_row][vc_column][vc_masonry_media_grid element_width=&#8221;2&#8243; item=&#8221;mediaGrid_Default&#8221; grid_id=&#8221;vc_gid:1494236035914-3f3be3f7-a74d-3&#8243; include=&#8221;2488,2425,2426,2486,2487,2423&#8243;][\/vc_column][\/vc_row]<\/p>\n<\/div>","protected":false},"excerpt":{"rendered":"<p>[\/vc_row]<\/p>\n","protected":false},"author":100010013,"featured_media":2366,"parent":0,"menu_order":0,"comment_status":"closed","ping_status":"closed","template":"template-fullwidth.php","meta":{"footnotes":""},"class_list":["post-2128","page","type-page","status-publish","has-post-thumbnail","hentry"],"aioseo_notices":[],"_links":{"self":[{"href":"https:\/\/www.cquintin.com\/pt\/wp-json\/wp\/v2\/pages\/2128","targetHints":{"allow":["GET"]}}],"collection":[{"href":"https:\/\/www.cquintin.com\/pt\/wp-json\/wp\/v2\/pages"}],"about":[{"href":"https:\/\/www.cquintin.com\/pt\/wp-json\/wp\/v2\/types\/page"}],"author":[{"embeddable":true,"href":"https:\/\/www.cquintin.com\/pt\/wp-json\/wp\/v2\/users\/100010013"}],"replies":[{"embeddable":true,"href":"https:\/\/www.cquintin.com\/pt\/wp-json\/wp\/v2\/comments?post=2128"}],"version-history":[{"count":0,"href":"https:\/\/www.cquintin.com\/pt\/wp-json\/wp\/v2\/pages\/2128\/revisions"}],"wp:featuredmedia":[{"embeddable":true,"href":"https:\/\/www.cquintin.com\/pt\/wp-json\/wp\/v2\/media\/2366"}],"wp:attachment":[{"href":"https:\/\/www.cquintin.com\/pt\/wp-json\/wp\/v2\/media?parent=2128"}],"curies":[{"name":"wp","href":"https:\/\/api.w.org\/{rel}","templated":true}]}}