{"id":2159,"date":"2017-02-10T23:57:21","date_gmt":"2017-02-10T23:57:21","guid":{"rendered":"http:\/\/www.cquintin.com\/?page_id=2159"},"modified":"2018-01-29T11:32:54","modified_gmt":"2018-01-29T11:32:54","slug":"horquillas","status":"publish","type":"page","link":"https:\/\/www.cquintin.com\/pt\/horquillas\/","title":{"rendered":"Horquillas"},"content":{"rendered":"<div class=\"wpb-content-wrapper\"><p>[vc_row css=&#8221;.vc_custom_1487703045270{margin-bottom: 30px !important;}&#8221;][vc_column]\n\n    <!-- Contacts -->\n\n\n    <main             class=\" main main-inner  main-contacts bg-contacts \"\n            data-stellar-background-ratio=\"0.6\">\n        <div class=\"container\">\n            <header class=\"main-header\">\n                <h1>Forquilhas <\/h1>\n\t\t\t\t                    <div class=\"project-title-info\">\n\t\t\t\t\t\t\n\n\t\t\t\t\t\t                    <\/div>\n\t\t\t\t            <\/header>\n        <\/div>\n\n        <!-- Lines -->\n\n        <div class=\"page-lines\">\n            <div class=\"container\">\n                <div class=\"col-line col-xs-4\">\n                    <div class=\"line\"><\/div>\n                <\/div>\n                <div class=\"col-line col-xs-4\">\n                    <div class=\"line\"><\/div>\n                <\/div>\n                <div class=\"col-line col-xs-4\">\n                    <div class=\"line\"><\/div>\n                    <div class=\"line\"><\/div>\n                <\/div>\n            <\/div>\n        <\/div>\n    <\/main>\n\t[\/vc_column][\/vc_row][vc_row css=&#8221;.vc_custom_1486768874471{margin-right: 20px !important;margin-left: 20px !important;}&#8221;][vc_column][vc_empty_space height=&#8221;30px&#8221;][vc_row_inner][vc_column_inner width=&#8221;2\/3&#8243;][vc_single_image image=&#8221;2294&#8243; img_size=&#8221;638&#215;238&#8243; alignment=&#8221;center&#8221; onclick=&#8221;link_image&#8221;][\/vc_column_inner][vc_column_inner width=&#8221;1\/3&#8243;][vc_column_text]A recente linha de fabrico de forquilhas para feixes tubulares nas nossas instala\u00e7\u00f5es de Lantar\u00f3n, unidade exclusivamente dedicada \u00e0 curvatura, corte, tratamento t\u00e9rmico e provas hidr\u00e1ulicas, que nos permite curvar tubos em longitudes de at\u00e9 30 metros.[\/vc_column_text][vc_btn title=&#8221;Nuestros Proyectos&#8221; link=&#8221;url:http%3A%2F%2Fwww.cquintin.com%2Fproyectos%2F|||&#8221;][\/vc_column_inner][\/vc_row_inner][\/vc_column][\/vc_row][vc_row][vc_column][vc_empty_space height=&#8221;50px&#8221;][vc_masonry_media_grid element_width=&#8221;2&#8243; item=&#8221;mediaGrid_Default&#8221; grid_id=&#8221;vc_gid:1494238190349-fbd120d2-ec95-7&#8243; include=&#8221;2293,2292,2298,2297,2296,2295&#8243;][\/vc_column][\/vc_row]<\/p>\n<\/div>","protected":false},"excerpt":{"rendered":"<p>[\/vc_row][vc_row][vc_column][vc_empty_space [&hellip;]<\/p>\n","protected":false},"author":100010013,"featured_media":2295,"parent":0,"menu_order":0,"comment_status":"closed","ping_status":"closed","template":"template-fullwidth.php","meta":{"footnotes":""},"class_list":["post-2159","page","type-page","status-publish","has-post-thumbnail","hentry"],"aioseo_notices":[],"_links":{"self":[{"href":"https:\/\/www.cquintin.com\/pt\/wp-json\/wp\/v2\/pages\/2159","targetHints":{"allow":["GET"]}}],"collection":[{"href":"https:\/\/www.cquintin.com\/pt\/wp-json\/wp\/v2\/pages"}],"about":[{"href":"https:\/\/www.cquintin.com\/pt\/wp-json\/wp\/v2\/types\/page"}],"author":[{"embeddable":true,"href":"https:\/\/www.cquintin.com\/pt\/wp-json\/wp\/v2\/users\/100010013"}],"replies":[{"embeddable":true,"href":"https:\/\/www.cquintin.com\/pt\/wp-json\/wp\/v2\/comments?post=2159"}],"version-history":[{"count":0,"href":"https:\/\/www.cquintin.com\/pt\/wp-json\/wp\/v2\/pages\/2159\/revisions"}],"wp:featuredmedia":[{"embeddable":true,"href":"https:\/\/www.cquintin.com\/pt\/wp-json\/wp\/v2\/media\/2295"}],"wp:attachment":[{"href":"https:\/\/www.cquintin.com\/pt\/wp-json\/wp\/v2\/media?parent=2159"}],"curies":[{"name":"wp","href":"https:\/\/api.w.org\/{rel}","templated":true}]}}