{"id":2240,"date":"2017-02-14T11:06:22","date_gmt":"2017-02-14T11:06:22","guid":{"rendered":"http:\/\/www.cquintin.com\/?page_id=2240"},"modified":"2021-04-20T07:53:52","modified_gmt":"2021-04-20T07:53:52","slug":"aviso-legal","status":"publish","type":"page","link":"https:\/\/www.cquintin.com\/pt\/aviso-legal\/","title":{"rendered":"Aviso Legal"},"content":{"rendered":"<div class=\"wpb-content-wrapper\"><p>[vc_row][vc_column][vc_column_text][\/vc_column_text][\/vc_column][\/vc_row][vc_row css=&#8221;.vc_custom_1487070409634{margin-right: 20px !important;margin-left: 20px !important;}&#8221;][vc_column]\n\n    <!-- Contacts -->\n\n\n    <main             class=\" main main-inner main-project \"\n            data-stellar-background-ratio=\"0.6\">\n        <div class=\"container\">\n            <header class=\"main-header\">\n                <h1>Aviso Legal<\/h1>\n\t\t\t\t                    <div class=\"project-title-info\">\n\t\t\t\t\t\t\n\n\t\t\t\t\t\t                    <\/div>\n\t\t\t\t            <\/header>\n        <\/div>\n\n        <!-- Lines -->\n\n        <div class=\"page-lines\">\n            <div class=\"container\">\n                <div class=\"col-line col-xs-4\">\n                    <div class=\"line\"><\/div>\n                <\/div>\n                <div class=\"col-line col-xs-4\">\n                    <div class=\"line\"><\/div>\n                <\/div>\n                <div class=\"col-line col-xs-4\">\n                    <div class=\"line\"><\/div>\n                    <div class=\"line\"><\/div>\n                <\/div>\n            <\/div>\n        <\/div>\n    <\/main>\n\t[vc_column_text]Os direitos de propriedade intelectual do website <a href=\"http:\/\/www.cquintin.com\/\">www.cquintin.com<\/a> e dos diferentes elementos nele contidos s\u00e3o titularidade da Curvados Quintin, S.L., (CIF B95376240 e inscrita no Registro Mercantil de Bizkaia, tomo 458, folio 14, hoja BI 43298, inscripci\u00f3n 1.).<\/p>\n<p>Os textos, a normativa e em geral qualquer informa\u00e7\u00e3o contida nas p\u00e1ginas deste website t\u00eam car\u00e1cter meramente informativo, pelo que sugerimos que comprove a vig\u00eancia e a exatid\u00e3o dos dados junto das correspondentes fontes oficiais. Curvados Quintin, S.L. reserva-se o direito a introduzir modifica\u00e7\u00f5es a este website sem aviso pr\u00e9vio, com o fim de atualizar, corrigir, modificar, acrescentar ou eliminar os conte\u00fados do website ou do seu desenho.<\/p>\n<p>Curvados Quintin, S.L. n\u00e3o garante a inexist\u00eancia de erros no acesso ao website ou no conte\u00fado do mesmo, nem que este se encontre oportunamente atualizado, embora desenvolva todos os esfor\u00e7os para os evitar e, se for o caso, os solucionar ou atualizar o mais brevemente poss\u00edvel. Tanto o acesso ao website como o uso que se possa fazer da informa\u00e7\u00e3o contida no mesmo s\u00e3o da exclusiva responsabilidade de quem o realiza.<\/p>\n<p>Curvados Quintin, S.L. n\u00e3o responder\u00e1 por qualquer consequ\u00eancia, danos ou preju\u00edzo que pudessem derivar de dito acesso ou uso de informa\u00e7\u00e3o, com exce\u00e7\u00e3o de todas aquelas atua\u00e7\u00f5es que resultem da aplica\u00e7\u00e3o das disposi\u00e7\u00f5es legais a que deva submeter-se no estrito exerc\u00edcio das suas compet\u00eancias.[\/vc_column_text][\/vc_column][\/vc_row][vc_row][vc_column][vc_column_text][\/vc_column_text][\/vc_column][\/vc_row]<\/p>\n<\/div>","protected":false},"excerpt":{"rendered":"<p>[vc_row css=&#8221;.vc_custom_1487070409634{margin-right: 20px !important;margin-left: 20px !important;}&#8221;][vc_column][vc_column_text]Os direitos de propriedade intelectual do website www.cquintin.com e dos diferentes elementos nele contidos s\u00e3o titularidade da Curvados Quintin, S.L., (CIF B95376240 e inscrita no Registro Mercantil de Bizkaia, tomo 458, folio 14, hoja BI 43298, inscripci\u00f3n 1.). Os textos, a normativa e em geral qualquer informa\u00e7\u00e3o contida nas p\u00e1ginas [&hellip;]<\/p>\n","protected":false},"author":100010013,"featured_media":0,"parent":0,"menu_order":0,"comment_status":"closed","ping_status":"closed","template":"template-fullwidth.php","meta":{"footnotes":""},"class_list":["post-2240","page","type-page","status-publish","hentry"],"aioseo_notices":[],"_links":{"self":[{"href":"https:\/\/www.cquintin.com\/pt\/wp-json\/wp\/v2\/pages\/2240","targetHints":{"allow":["GET"]}}],"collection":[{"href":"https:\/\/www.cquintin.com\/pt\/wp-json\/wp\/v2\/pages"}],"about":[{"href":"https:\/\/www.cquintin.com\/pt\/wp-json\/wp\/v2\/types\/page"}],"author":[{"embeddable":true,"href":"https:\/\/www.cquintin.com\/pt\/wp-json\/wp\/v2\/users\/100010013"}],"replies":[{"embeddable":true,"href":"https:\/\/www.cquintin.com\/pt\/wp-json\/wp\/v2\/comments?post=2240"}],"version-history":[{"count":0,"href":"https:\/\/www.cquintin.com\/pt\/wp-json\/wp\/v2\/pages\/2240\/revisions"}],"wp:attachment":[{"href":"https:\/\/www.cquintin.com\/pt\/wp-json\/wp\/v2\/media?parent=2240"}],"curies":[{"name":"wp","href":"https:\/\/api.w.org\/{rel}","templated":true}]}}