{"id":701,"date":"2011-05-20T18:49:43","date_gmt":"2011-05-21T01:49:43","guid":{"rendered":"http:\/\/wpthemetestdata.wordpress.com\/?page_id=701"},"modified":"2019-01-10T16:40:38","modified_gmt":"2019-01-10T16:40:38","slug":"curvados-quintin","status":"publish","type":"page","link":"https:\/\/www.cquintin.com\/pt\/","title":{"rendered":"Curvados Quintin"},"content":{"rendered":"<div class=\"wpb-content-wrapper\"><p>[vc_row][vc_column]\n\n    <!-- Home -->\n\n    <main class=\"main \">\n\n        <div class=\"arrow-left\"><\/div>\n        <div class=\"arrow-right\"><\/div>\n\n        <!-- Start goarchlution slider -->\n\n        <div class=\"rev_slider_wrapper\">\n            <div id=\"rev_slider\" class=\"rev_slider fullscreenbanner\">\n\n                <!-- Main image-->\n\t\t\t\t\n\t\t\t\t\n\t\t\t<!-- START home REVOLUTION SLIDER 6.7.28 --><p class=\"rs-p-wp-fix\"><\/p>\n\t\t\t<rs-module-wrap id=\"rev_slider_1_4_wrapper\" data-source=\"gallery\" style=\"visibility:hidden;background:transparent;padding:0;margin:0px auto;margin-top:0;margin-bottom:0;\">\n\t\t\t\t<rs-module id=\"rev_slider_1_4\" style=\"\" data-version=\"6.7.28\">\n\t\t\t\t\t<rs-slides style=\"overflow: hidden; position: absolute;\">\n\t\t\t\t\t\t<rs-slide style=\"position: absolute;\" data-key=\"rs-22\" data-title=\"Slide\" data-thumb=\"\/\/www.cquintin.com\/wp-content\/uploads\/2016\/09\/IMG_3792-100x50.jpg\" data-duration=\"9000\" data-anim=\"ms:1400;f:nodelay;\" data-filter=\"b:2;\" data-in=\"o:0;sx:1.5;sy:1.2;m:true;row:7;col:6;\">\n\t\t\t\t\t\t\t<img decoding=\"async\" src=\"\/\/www.cquintin.com\/wp-content\/plugins\/revslider\/sr6\/assets\/assets\/dummy.png\" alt=\"\" title=\"Pont Bicentenaire\" class=\"rev-slidebg tp-rs-img rs-lazyload\" data-lazyload=\"\/\/www.cquintin.com\/wp-content\/uploads\/2016\/09\/IMG_3792.jpg\" data-no-retina>\n<!--\n\t\t\t\t\t\t\t--><rs-layer\n\t\t\t\t\t\t\t\tid=\"slider-1-slide-22-layer-3\" \n\t\t\t\t\t\t\t\tclass=\"tp-shape tp-shapewrapper\"\n\t\t\t\t\t\t\t\tdata-type=\"shape\"\n\t\t\t\t\t\t\t\tdata-rsp_ch=\"on\"\n\t\t\t\t\t\t\t\tdata-xy=\"x:r;xo:-76px;yo:101px;\"\n\t\t\t\t\t\t\t\tdata-text=\"fw:300;a:inherit;\"\n\t\t\t\t\t\t\t\tdata-dim=\"w:910px;h:226;\"\n\t\t\t\t\t\t\t\tdata-frame_0=\"tp:600;\"\n\t\t\t\t\t\t\t\tdata-frame_1=\"tp:600;st:0;\"\n\t\t\t\t\t\t\t\tdata-frame_999=\"o:0;tp:600;st:w;sR:8700;\"\n\t\t\t\t\t\t\t\tstyle=\"z-index:5;background-color:rgba(0,0,0,0.50);\"\n\t\t\t\t\t\t\t> \n\t\t\t\t\t\t\t<\/rs-layer><!--\n\n\t\t\t\t\t\t\t--><rs-layer\n\t\t\t\t\t\t\t\tid=\"slider-1-slide-22-layer-1\" \n\t\t\t\t\t\t\t\tdata-type=\"text\"\n\t\t\t\t\t\t\t\tdata-color=\"rgba(255,255,255,1)\"\n\t\t\t\t\t\t\t\tdata-rsp_ch=\"on\"\n\t\t\t\t\t\t\t\tdata-xy=\"x:r;xo:-16px,-18px,0,0;y:m;yo:-35px,-55px,-55px,-35px;\"\n\t\t\t\t\t\t\t\tdata-text=\"w:normal;s:50,45,35,35;l:80,75,65,65;\"\n\t\t\t\t\t\t\t\tdata-dim=\"w:879px,700px,500px,500px;h:161px,auto,auto,auto;\"\n\t\t\t\t\t\t\t\tdata-frame_0=\"o:1;tp:600;\"\n\t\t\t\t\t\t\t\tdata-frame_0_chars=\"d:5;x:105%;o:1;rX:45deg;rY:0deg;rZ:90deg;\"\n\t\t\t\t\t\t\t\tdata-frame_0_mask=\"u:t;\"\n\t\t\t\t\t\t\t\tdata-frame_1=\"tp:600;e:power2.inOut;st:500;sp:2000;sR:500;\"\n\t\t\t\t\t\t\t\tdata-frame_1_chars=\"d:5;\"\n\t\t\t\t\t\t\t\tdata-frame_1_mask=\"u:t;\"\n\t\t\t\t\t\t\t\tdata-frame_999=\"y:100%;o:0;tp:600;e:power2.inOut;st:w;sp:1000;sR:4900;\"\n\t\t\t\t\t\t\t\tstyle=\"z-index:6;font-family:'Oswald', 'sans-serif';text-transform:uppercase;text-align:right;letter-spacing:16px;\"\n\t\t\t\t\t\t\t>50 a\u00f1os ofreciendo SERVICIO y CALIDAD\n \n\t\t\t\t\t\t\t<\/rs-layer><!--\n-->\t\t\t\t\t<\/rs-slide>\n\t\t\t\t\t\t<rs-slide style=\"position: absolute;\" data-key=\"rs-10\" data-title=\"Slide\" data-thumb=\"\/\/www.cquintin.com\/wp-content\/uploads\/2016\/09\/gug-100x50.jpg\" data-duration=\"9000\" data-anim=\"ms:1400;f:nodelay;\" data-filter=\"b:2;\" data-in=\"o:0;sx:1.5;sy:1.2;m:true;row:7;col:6;\" class=\"rev-slidebg\">\n\t\t\t\t\t\t\t<img decoding=\"async\" src=\"\/\/www.cquintin.com\/wp-content\/plugins\/revslider\/sr6\/assets\/assets\/dummy.png\" alt=\"\" title=\"Pont Bicentenaire\" class=\"rev-slidebg tp-rs-img rs-lazyload\" data-lazyload=\"\/\/www.cquintin.com\/wp-content\/uploads\/2016\/09\/gug.jpg\" data-no-retina>\n<!--\n\t\t\t\t\t\t\t--><rs-layer\n\t\t\t\t\t\t\t\tid=\"slider-1-slide-10-layer-5\" \n\t\t\t\t\t\t\t\tclass=\"tp-shape tp-shapewrapper\"\n\t\t\t\t\t\t\t\tdata-type=\"shape\"\n\t\t\t\t\t\t\t\tdata-rsp_ch=\"on\"\n\t\t\t\t\t\t\t\tdata-xy=\"x:r;xo:-166px;y:b;yo:4px;\"\n\t\t\t\t\t\t\t\tdata-text=\"fw:300;a:inherit;\"\n\t\t\t\t\t\t\t\tdata-dim=\"w:1305px;h:416px;\"\n\t\t\t\t\t\t\t\tdata-frame_0=\"tp:600;\"\n\t\t\t\t\t\t\t\tdata-frame_1=\"tp:600;st:0;\"\n\t\t\t\t\t\t\t\tdata-frame_999=\"o:0;tp:600;st:w;sR:8700;\"\n\t\t\t\t\t\t\t\tstyle=\"z-index:5;background-color:rgba(0,0,0,0.50);\"\n\t\t\t\t\t\t\t> \n\t\t\t\t\t\t\t<\/rs-layer><!--\n\n\t\t\t\t\t\t\t--><rs-layer\n\t\t\t\t\t\t\t\tid=\"slider-1-slide-10-layer-1\" \n\t\t\t\t\t\t\t\tdata-type=\"text\"\n\t\t\t\t\t\t\t\tdata-color=\"rgba(255,255,255,1)\"\n\t\t\t\t\t\t\t\tdata-rsp_ch=\"on\"\n\t\t\t\t\t\t\t\tdata-xy=\"x:r;xo:-16px,-18px,0,15px;y:m;yo:-35px,-35px,-25px,-35px;\"\n\t\t\t\t\t\t\t\tdata-text=\"w:nowrap,normal,normal,normal;s:50,45,30,30;l:80,75,65,55;\"\n\t\t\t\t\t\t\t\tdata-dim=\"w:1100px,700px,450px,450px;\"\n\t\t\t\t\t\t\t\tdata-frame_0=\"o:1;tp:600;\"\n\t\t\t\t\t\t\t\tdata-frame_0_chars=\"d:5;x:105%;o:1;rX:45deg;rY:0deg;rZ:90deg;\"\n\t\t\t\t\t\t\t\tdata-frame_0_mask=\"u:t;\"\n\t\t\t\t\t\t\t\tdata-frame_1=\"tp:600;e:power2.inOut;st:500;sp:2000;sR:500;\"\n\t\t\t\t\t\t\t\tdata-frame_1_chars=\"d:5;\"\n\t\t\t\t\t\t\t\tdata-frame_1_mask=\"u:t;\"\n\t\t\t\t\t\t\t\tdata-frame_999=\"y:100%;o:0;tp:600;e:power2.inOut;st:w;sp:1000;sR:5300;\"\n\t\t\t\t\t\t\t\tstyle=\"z-index:6;font-family:'Oswald', 'sans-serif';text-transform:uppercase;letter-spacing:16px;text-align:right;\"\n\t\t\t\t\t\t\t>Proyectos Curvados Quintin\n \n\t\t\t\t\t\t\t<\/rs-layer><!--\n\n\t\t\t\t\t\t\t--><rs-layer\n\t\t\t\t\t\t\t\tid=\"slider-1-slide-10-layer-2\" \n\t\t\t\t\t\t\t\tdata-type=\"text\"\n\t\t\t\t\t\t\t\tdata-color=\"rgba(255,255,255,1)\"\n\t\t\t\t\t\t\t\tdata-rsp_ch=\"on\"\n\t\t\t\t\t\t\t\tdata-xy=\"x:r;xo:-1px,0,18px,32px;y:m;yo:76px,105px,105px,105px;\"\n\t\t\t\t\t\t\t\tdata-text=\"s:18;l:30;\"\n\t\t\t\t\t\t\t\tdata-frame_0=\"y:100%;tp:600;\"\n\t\t\t\t\t\t\t\tdata-frame_0_mask=\"u:t;y:100%;\"\n\t\t\t\t\t\t\t\tdata-frame_1=\"tp:600;e:power1.inOut;st:1500;sp:1200;sR:1500;\"\n\t\t\t\t\t\t\t\tdata-frame_1_mask=\"u:t;\"\n\t\t\t\t\t\t\t\tdata-frame_999=\"o:0;tp:600;e:power1.inOut;st:w;sp:1000;sR:6300;\"\n\t\t\t\t\t\t\t\tstyle=\"z-index:7;font-family:'Montserratlight', 'sans-serif';text-align:right;\"\n\t\t\t\t\t\t\t>Estamos orgullosos de presentar algunos de los proyectos<br> \nen los que hemos podido tomar parte a lo largo<br> \nde estos 50 a\u00f1os. \n \n\t\t\t\t\t\t\t<\/rs-layer><!--\n\n\t\t\t\t\t\t\t--><rs-layer\n\t\t\t\t\t\t\t\tid=\"slider-1-slide-10-layer-3\" \n\t\t\t\t\t\t\t\tdata-type=\"text\"\n\t\t\t\t\t\t\t\tdata-color=\"rgba(255,255,255,1)\"\n\t\t\t\t\t\t\t\tdata-rsp_ch=\"on\"\n\t\t\t\t\t\t\t\tdata-xy=\"x:r;xo:0,0,18px,32px;y:m;yo:195px,215px,215px,215px;\"\n\t\t\t\t\t\t\t\tdata-dim=\"w:auto,none,none,none;h:auto,none,none,none;\"\n\t\t\t\t\t\t\t\tdata-frame_0=\"y:100%;tp:600;\"\n\t\t\t\t\t\t\t\tdata-frame_0_mask=\"u:t;y:100%;\"\n\t\t\t\t\t\t\t\tdata-frame_1=\"tp:600;e:power4.inOut;st:1500;sp:1500;sR:1500;\"\n\t\t\t\t\t\t\t\tdata-frame_1_mask=\"u:t;\"\n\t\t\t\t\t\t\t\tdata-frame_999=\"y:175%;tp:600;e:power2.inOut;st:w;sp:1000;sR:6000;\"\n\t\t\t\t\t\t\t\tdata-frame_999_mask=\"u:t;\"\n\t\t\t\t\t\t\t\tstyle=\"z-index:8;font-family:'';\"\n\t\t\t\t\t\t\t><a href=\" http:\/\/www.cquintin.com\/proyectos\/\" class=\"btn js-target-scroll\">Desc\u00fabrenos <i class=\"icon-next\"><\/i><\/a> \n\t\t\t\t\t\t\t<\/rs-layer><!--\n-->\t\t\t\t\t<\/rs-slide>\n\t\t\t\t\t\t<rs-slide style=\"position: absolute;\" data-key=\"rs-15\" data-title=\"Slide\" data-thumb=\"\/\/www.cquintin.com\/wp-content\/uploads\/2016\/09\/DSC05501-e1487775190881-100x50.jpg\" data-anim=\"ms:1400;f:nodelay;\" data-filter=\"b:2;\" data-in=\"o:0;sx:1.5;sy:1.2;m:true;row:7;col:6;\">\n\t\t\t\t\t\t\t<img decoding=\"async\" src=\"\/\/www.cquintin.com\/wp-content\/plugins\/revslider\/sr6\/assets\/assets\/dummy.png\" alt=\"\" title=\"Pont Bicentenaire\" class=\"rev-slidebg tp-rs-img rs-lazyload\" data-lazyload=\"\/\/www.cquintin.com\/wp-content\/uploads\/2016\/09\/DSC05501-e1487775190881.jpg\" data-no-retina>\n<!--\n\t\t\t\t\t\t\t--><rs-layer\n\t\t\t\t\t\t\t\tid=\"slider-1-slide-15-layer-3\" \n\t\t\t\t\t\t\t\tclass=\"tp-shape tp-shapewrapper\"\n\t\t\t\t\t\t\t\tdata-type=\"shape\"\n\t\t\t\t\t\t\t\tdata-rsp_ch=\"on\"\n\t\t\t\t\t\t\t\tdata-xy=\"x:r;xo:-103px;yo:136px;\"\n\t\t\t\t\t\t\t\tdata-text=\"w:normal;a:inherit;\"\n\t\t\t\t\t\t\t\tdata-dim=\"w:742px;h:205px;\"\n\t\t\t\t\t\t\t\tdata-frame_0=\"tp:600;\"\n\t\t\t\t\t\t\t\tdata-frame_1=\"tp:600;st:0;\"\n\t\t\t\t\t\t\t\tdata-frame_999=\"o:0;tp:600;st:w;sR:8700;\"\n\t\t\t\t\t\t\t\tstyle=\"z-index:5;background-color:rgba(0,0,0,0.50);\"\n\t\t\t\t\t\t\t> \n\t\t\t\t\t\t\t<\/rs-layer><!--\n\n\t\t\t\t\t\t\t--><rs-layer\n\t\t\t\t\t\t\t\tid=\"slider-1-slide-15-layer-1\" \n\t\t\t\t\t\t\t\tdata-type=\"text\"\n\t\t\t\t\t\t\t\tdata-color=\"rgba(255,255,255,1)\"\n\t\t\t\t\t\t\t\tdata-rsp_ch=\"on\"\n\t\t\t\t\t\t\t\tdata-xy=\"x:r;xo:0,-18px,0,0;y:m;yo:-11px,-25px,-35px,-35px;\"\n\t\t\t\t\t\t\t\tdata-text=\"w:normal;s:50,45,35,35;l:80,75,65,65;\"\n\t\t\t\t\t\t\t\tdata-dim=\"w:570px,700px,450px,450px;h:161px,auto,auto,auto;\"\n\t\t\t\t\t\t\t\tdata-frame_0=\"o:1;tp:600;\"\n\t\t\t\t\t\t\t\tdata-frame_0_chars=\"d:5;x:105%;o:1;rX:45deg;rY:0deg;rZ:90deg;\"\n\t\t\t\t\t\t\t\tdata-frame_0_mask=\"u:t;\"\n\t\t\t\t\t\t\t\tdata-frame_1=\"tp:600;e:power2.inOut;st:500;sp:2010;sR:500;\"\n\t\t\t\t\t\t\t\tdata-frame_1_chars=\"d:5;\"\n\t\t\t\t\t\t\t\tdata-frame_1_mask=\"u:t;\"\n\t\t\t\t\t\t\t\tdata-frame_999=\"y:100%;tp:600;e:power2.inOut;st:w;sp:1000;sR:5140;\"\n\t\t\t\t\t\t\t\tdata-frame_999_mask=\"u:t;\"\n\t\t\t\t\t\t\t\tstyle=\"z-index:6;font-family:'Oswald', 'sans-serif';text-transform:uppercase;letter-spacing:16px;text-align:right;\"\n\t\t\t\t\t\t\t><span style=\"letter-spacing: .06em; align:left;\">Curvado de tubos <\/br>perfiles y chapa<\/span> \n\t\t\t\t\t\t\t<\/rs-layer><!--\n-->\t\t\t\t\t<\/rs-slide>\n\t\t\t\t\t<\/rs-slides>\n\t\t\t\t<\/rs-module>\n\t\t\t\t<script>\n\t\t\t\t\tsetREVStartSize({c: 'rev_slider_1_4',rl:[2048,1750,1192,],el:[],gw:[1140,1140,940,940],gh:[500,500,550,550],type:'standard',justify:'',layout:'fullwidth',mh:\"0\"});if (window.RS_MODULES!==undefined && window.RS_MODULES.modules!==undefined && window.RS_MODULES.modules[\"revslider14\"]!==undefined) {window.RS_MODULES.modules[\"revslider14\"].once = false;window.revapi1_4 = undefined;if (window.RS_MODULES.checkMinimal!==undefined) window.RS_MODULES.checkMinimal()}\n\t\t\t\t<\/script>\n\t\t\t<\/rs-module-wrap>\n\t\t\t<!-- END REVOLUTION SLIDER -->\n\n\n            <\/div>\n        <\/div>\n    <\/main>\n\t[\/vc_column][\/vc_row][vc_row css=&#8221;.vc_custom_1487529906349{padding-top: 20px !important;padding-bottom: 20px !important;background-color: #ffffff !important;}&#8221;][vc_column][vc_custom_heading text=&#8221;50 anos de trabalho bem sucedido.&#8221; font_container=&#8221;tag:h2|text_align:center|color:%23000000&#8243; use_theme_fonts=&#8221;yes&#8221;][vc_separator color=&#8221;custom&#8221; el_width=&#8221;30&#8243; accent_color=&#8221;#c5a47e&#8221;][vc_custom_heading text=&#8221;Dobrando tubos, perfis e chapas.<br \/>\n&#8221; font_container=&#8221;tag:h4|text_align:center|color:%23333333&#8243; use_theme_fonts=&#8221;yes&#8221;][vc_empty_space height=&#8221;50px&#8221;][\/vc_column][\/vc_row][vc_row css=&#8221;.vc_custom_1489661345973{padding-top: 50px !important;}&#8221;][vc_column][vc_column_text]<\/p>\n<h2 class=\"section-title\" style=\"text-align: center;\">Nossas <span class=\"text-primary\">Especialidades<\/span><\/h2>\n<p>[\/vc_column_text][vc_empty_space height=&#8221;50px&#8221;][\/vc_column][\/vc_row][vc_row][vc_column][vc_row_inner equal_height=&#8221;yes&#8221; gap=&#8221;10&#8243; css=&#8221;.vc_custom_1487530669508{margin-right: 30px !important;margin-left: 30px !important;}&#8221;][vc_column_inner width=&#8221;1\/3&#8243;][vc_single_image image=&#8221;2416&#8243; img_size=&#8221;medium&#8221; add_caption=&#8221;yes&#8221; alignment=&#8221;center&#8221; style=&#8221;vc_box_shadow_circle_2&#8243; onclick=&#8221;custom_link&#8221; css_animation=&#8221;left-to-right&#8221; link=&#8221;http:\/\/www.cquintin.com\/curvado-de-perfiles\/&#8221;][vc_custom_heading text=&#8221;DOBRA PERFIS&#8221; font_container=&#8221;tag:h4|text_align:center|color:%23ffffff&#8221; use_theme_fonts=&#8221;yes&#8221; css_animation=&#8221;left-to-right&#8221;][vc_column_text]<\/p>\n<p style=\"text-align: center;\">Curvatura dos diferentes tipos de perfis met\u00e1licos existentes no mercado (HEB, IPN, UPN, LPN, T simples\u2026) &#8230;<\/p>\n<p>[\/vc_column_text][\/vc_column_inner][vc_column_inner width=&#8221;1\/3&#8243;][vc_single_image image=&#8221;2425&#8243; img_size=&#8221;medium&#8221; add_caption=&#8221;yes&#8221; alignment=&#8221;center&#8221; style=&#8221;vc_box_shadow_circle_2&#8243; onclick=&#8221;custom_link&#8221; css_animation=&#8221;left-to-right&#8221; link=&#8221; http:\/\/www.cquintin.com\/curvado-de-tubos\/&#8221;][vc_custom_heading text=&#8221;DOBRAGEM DE TUBOS&#8221; font_container=&#8221;tag:h4|text_align:center|color:%23ffffff&#8221; use_theme_fonts=&#8221;yes&#8221; css_animation=&#8221;left-to-right&#8221;][vc_column_text]<\/p>\n<p style=\"text-align: center;\">Curvatura de tubagem redonda, quadrada e retangular, tanto de raios amplos como curtos ou em espiral, com&#8230;<\/p>\n<p>[\/vc_column_text][\/vc_column_inner][vc_column_inner width=&#8221;1\/3&#8243;][vc_single_image image=&#8221;2295&#8243; img_size=&#8221;medium&#8221; add_caption=&#8221;yes&#8221; alignment=&#8221;center&#8221; style=&#8221;vc_box_shadow_circle_2&#8243; onclick=&#8221;custom_link&#8221; css_animation=&#8221;left-to-right&#8221; link=&#8221;http:\/\/www.cquintin.com\/horquillas\/&#8221;][vc_custom_heading text=&#8221;HORQUILLAS&#8221; font_container=&#8221;tag:h4|text_align:center|color:%23ffffff&#8221; use_theme_fonts=&#8221;yes&#8221; css_animation=&#8221;left-to-right&#8221;][vc_column_text]<\/p>\n<p style=\"text-align: center;\">A recente linha de fabrico de forquilhas para feixes tubulares nas nossas instala\u00e7\u00f5es de Lantar\u00f3n, unidade exclusivamente&#8230;<\/p>\n<p>[\/vc_column_text][\/vc_column_inner][\/vc_row_inner][vc_empty_space height=&#8221;50px&#8221;][vc_row_inner equal_height=&#8221;yes&#8221; gap=&#8221;10&#8243; css=&#8221;.vc_custom_1487530905121{margin-right: 30px !important;margin-left: 30px !important;}&#8221;][vc_column_inner width=&#8221;1\/3&#8243;][vc_single_image image=&#8221;2303&#8243; img_size=&#8221;medium&#8221; add_caption=&#8221;yes&#8221; alignment=&#8221;center&#8221; style=&#8221;vc_box_shadow_circle_2&#8243; onclick=&#8221;custom_link&#8221; css_animation=&#8221;left-to-right&#8221; link=&#8221;http:\/\/www.cquintin.com\/serpentines\/&#8221;][vc_custom_heading text=&#8221;SERPENTINES&#8221; font_container=&#8221;tag:h4|text_align:center|color:%23ffffff&#8221; use_theme_fonts=&#8221;yes&#8221; css_animation=&#8221;left-to-right&#8221;][vc_column_text]<\/p>\n<p style=\"text-align: center;\">Fabrica\u00e7\u00e3o de serpentinas helicoidais ou planos numa grande variedade de di\u00e2metros de tubo, quer se trate&#8230;.<\/p>\n<p>[\/vc_column_text][\/vc_column_inner][vc_column_inner width=&#8221;1\/3&#8243;][vc_single_image image=&#8221;2310&#8243; img_size=&#8221;medium&#8221; add_caption=&#8221;yes&#8221; alignment=&#8221;center&#8221; style=&#8221;vc_box_shadow_circle_2&#8243; onclick=&#8221;custom_link&#8221; css_animation=&#8221;left-to-right&#8221; link=&#8221;http:\/\/www.cquintin.com\/producto-plano\/&#8221;][vc_custom_heading text=&#8221;AVI\u00c3O DE PRODUTOS&#8221; font_container=&#8221;tag:h4|text_align:center|color:%23ffffff&#8221; use_theme_fonts=&#8221;yes&#8221; css_animation=&#8221;left-to-right&#8221;][vc_column_text]<\/p>\n<p style=\"text-align: center;\">Curvatura de chapa e jantes para o fabrico de virolas, cones, abra\u00e7adeiras, refor\u00e7os, marcos e\u00f3licos, vigas&#8230;<\/p>\n<p>[\/vc_column_text][\/vc_column_inner][vc_column_inner width=&#8221;1\/3&#8243;][vc_single_image image=&#8221;2401&#8243; img_size=&#8221;medium&#8221; add_caption=&#8221;yes&#8221; alignment=&#8221;center&#8221; style=&#8221;vc_box_shadow_circle_2&#8243; onclick=&#8221;custom_link&#8221; css_animation=&#8221;left-to-right&#8221; link=&#8221;http:\/\/www.cquintin.com\/obras-singulares\/&#8221;][vc_custom_heading text=&#8221;OBRAS SINGULARES&#8221; font_container=&#8221;tag:h4|text_align:center|color:%23ffffff&#8221; use_theme_fonts=&#8221;yes&#8221; css_animation=&#8221;left-to-right&#8221;][vc_column_text]<\/p>\n<p style=\"text-align: center;\">Nuestros curvados de tubos y perfiles tienen aplicaci\u00f3n en esculturas, puentes y pasarelas, escaleras helicoidales, edificios singulares&#8230;<\/p>\n<p>[\/vc_column_text][\/vc_column_inner][\/vc_row_inner][\/vc_column][\/vc_row][vc_row][vc_column]\n\n    <!-- Projects -->\n\n    <section             class=\"projects section \">\n        <div class=\"container\">\n            <h2 class=\"section-title\">ULTIMOS <span\n                        class=\"text-primary\">PROJETOS<\/span><\/h2>\n        <\/div>\n        <div class=\"section-content\">\n            <div class=\"projects-carousel js-projects-carousel js-projects-gallery\">\n\n\t\t\t\t                        <div class=\"project \">\n\t\t\t\t\t\t\t                            <a\n\t\t\t\t\t\t\t\t                                    href=\"https:\/\/www.cquintin.com\/wp-content\/uploads\/2017\/03\/GUGGEN-1.jpg\" title=\" Bilbao Museu Guggenheim\">\n\n                                <figure>\n\t\t\t\t\t\t\t\t\t                                        <img decoding=\"async\" src=\"https:\/\/www.cquintin.com\/wp-content\/uploads\/2017\/03\/GUGGEN-1.jpg\">\n\t\t\t\t\t\t\t\t\t\n\n                                    <figcaption>\n                                        <h3 class=\"project-title\">\n\t\t\t\t\t\t\t\t\t\t\tBilbao Museu Guggenheim                                        <\/h3>\n                                        <h4 class=\"project-category\">\n                                                                                      \tProjetos Especiais\n                                               <br>\n\t\t\t\t\t\t\t\t\t\t\t\t  <\/h4>\n                                        <div class=\"project-zoom\"><\/div>\n                                    <\/figcaption>\n                                <\/figure>\n                            <\/a>\n                        <\/div>\n\t\t\t\t\t\t                        <div class=\"project  project-light\">\n\t\t\t\t\t\t\t                            <a\n\t\t\t\t\t\t\t\t                                    href=\"https:\/\/www.cquintin.com\/wp-content\/uploads\/2017\/03\/LA-ROSA-NOVELLA.jpg\" title=\" La Rosa de Novella\">\n\n                                <figure>\n\t\t\t\t\t\t\t\t\t                                        <img decoding=\"async\" src=\"https:\/\/www.cquintin.com\/wp-content\/uploads\/2017\/03\/LA-ROSA-NOVELLA.jpg\">\n\t\t\t\t\t\t\t\t\t\n\n                                    <figcaption>\n                                        <h3 class=\"project-title\">\n\t\t\t\t\t\t\t\t\t\t\tLa Rosa de Novella                                        <\/h3>\n                                        <h4 class=\"project-category\">\n                                                                                      \tProjetos Especiais\n                                               <br>\n\t\t\t\t\t\t\t\t\t\t\t\t  <\/h4>\n                                        <div class=\"project-zoom\"><\/div>\n                                    <\/figcaption>\n                                <\/figure>\n                            <\/a>\n                        <\/div>\n\t\t\t\t\t\t                        <div class=\"project \">\n\t\t\t\t\t\t\t                            <a\n\t\t\t\t\t\t\t\t                                    href=\"https:\/\/www.cquintin.com\/wp-content\/uploads\/2017\/03\/SERPENTINES-MOTOR-ROLLS-ROYCE.jpg\" title=\" Bobina de Rolls Royce\">\n\n                                <figure>\n\t\t\t\t\t\t\t\t\t                                        <img decoding=\"async\" src=\"https:\/\/www.cquintin.com\/wp-content\/uploads\/2017\/03\/SERPENTINES-MOTOR-ROLLS-ROYCE.jpg\">\n\t\t\t\t\t\t\t\t\t\n\n                                    <figcaption>\n                                        <h3 class=\"project-title\">\n\t\t\t\t\t\t\t\t\t\t\tBobina de Rolls Royce                                        <\/h3>\n                                        <h4 class=\"project-category\">\n                                                                                      \tProjetos Especiais\n                                               <br>\n\t\t\t\t\t\t\t\t\t\t\t\t  <\/h4>\n                                        <div class=\"project-zoom\"><\/div>\n                                    <\/figcaption>\n                                <\/figure>\n                            <\/a>\n                        <\/div>\n\t\t\t\t\t\t                        <div class=\"project  project-light\">\n\t\t\t\t\t\t\t                            <a\n\t\t\t\t\t\t\t\t                                    href=\"https:\/\/www.cquintin.com\/wp-content\/uploads\/2017\/03\/PUENTE-BICENTENARIO.jpg\" title=\" Pont Bicentenaire\">\n\n                                <figure>\n\t\t\t\t\t\t\t\t\t                                        <img decoding=\"async\" src=\"https:\/\/www.cquintin.com\/wp-content\/uploads\/2017\/03\/PUENTE-BICENTENARIO.jpg\">\n\t\t\t\t\t\t\t\t\t\n\n                                    <figcaption>\n                                        <h3 class=\"project-title\">\n\t\t\t\t\t\t\t\t\t\t\tPont Bicentenaire                                        <\/h3>\n                                        <h4 class=\"project-category\">\n                                                                                      \tProjetos Especiais\n                                               <br>\n\t\t\t\t\t\t\t\t\t\t\t\t  <\/h4>\n                                        <div class=\"project-zoom\"><\/div>\n                                    <\/figcaption>\n                                <\/figure>\n                            <\/a>\n                        <\/div>\n\t\t\t\t\t\t\n            <\/div>\n        <\/div>\n    <\/section>\n\n\t[\/vc_column][\/vc_row]<\/p>\n<\/div>","protected":false},"excerpt":{"rendered":"<p>[\/vc_row][vc_row][vc_column][vc_row_inner equal_height=&#8221;yes&#8221; gap=&#8221;10&#8243; css=&#8221;.vc_custom_1487530669508{margin-right: 30px !important;margin-left: 30px !important;}&#8221;][vc_column_inner width=&#8221;1\/3&#8243;][vc_single_image image=&#8221;2416&#8243; img_size=&#8221;medium&#8221; add_caption=&#8221;yes&#8221; alignment=&#8221;center&#8221; style=&#8221;vc_box_shadow_circle_2&#8243; onclick=&#8221;custom_link&#8221; css_animation=&#8221;left-to-right&#8221; link=&#8221;http:\/\/www.cquintin.com\/curvado-de-perfiles\/&#8221;][vc_custom_heading text=&#8221;DOBRA PERFIS&#8221; font_container=&#8221;tag:h4|text_align:center|color:%23ffffff&#8221; use_theme_fonts=&#8221;yes&#8221; [&hellip;]<\/p>\n","protected":false},"author":100010013,"featured_media":0,"parent":0,"menu_order":0,"comment_status":"open","ping_status":"closed","template":"template-fullwidth.php","meta":{"footnotes":""},"class_list":["post-701","page","type-page","status-publish","hentry"],"aioseo_notices":[],"_links":{"self":[{"href":"https:\/\/www.cquintin.com\/pt\/wp-json\/wp\/v2\/pages\/701","targetHints":{"allow":["GET"]}}],"collection":[{"href":"https:\/\/www.cquintin.com\/pt\/wp-json\/wp\/v2\/pages"}],"about":[{"href":"https:\/\/www.cquintin.com\/pt\/wp-json\/wp\/v2\/types\/page"}],"author":[{"embeddable":true,"href":"https:\/\/www.cquintin.com\/pt\/wp-json\/wp\/v2\/users\/100010013"}],"replies":[{"embeddable":true,"href":"https:\/\/www.cquintin.com\/pt\/wp-json\/wp\/v2\/comments?post=701"}],"version-history":[{"count":0,"href":"https:\/\/www.cquintin.com\/pt\/wp-json\/wp\/v2\/pages\/701\/revisions"}],"wp:attachment":[{"href":"https:\/\/www.cquintin.com\/pt\/wp-json\/wp\/v2\/media?parent=701"}],"curies":[{"name":"wp","href":"https:\/\/api.w.org\/{rel}","templated":true}]}}